{"id":3199,"date":"2015-02-20T15:38:17","date_gmt":"2015-02-20T15:38:17","guid":{"rendered":"https:\/\/contel.com.ve\/?page_id=3199"},"modified":"2015-10-05T20:21:39","modified_gmt":"2015-10-05T20:21:39","slug":"3199-2","status":"publish","type":"page","link":"https:\/\/contel.com.ve\/?page_id=3199","title":{"rendered":"Renovar Licencia"},"content":{"rendered":"<div class=\"l-submain color_secondary parallax_hor bgwidth_110\" id=\"section_679059\"><div class=\"l-submain-img\" style=\"background-image: url(https:\/\/contel.com.ve\/wp-content\/uploads\/2013\/05\/banner-contel.jpg);\"><\/div><div class=\"l-submain-h g-html i-cf\"><div class=\"g-cols offset_default\"><div class=\"full-width animate_afc\"><div class=\"g-hr type_invisible size_small no_icon\">\n\t\t\t\t\t\t<span class=\"g-hr-h\">\n\t\t\t\t\t\t\t<i class=\"fa fa-\"><\/i>\n\t\t\t\t\t\t<\/span>\n\t\t\t\t\t<\/div>\n\t<div class=\"wpb_text_column \">\n\t\t<div class=\"wpb_wrapper\">\n\t\t\t\n<h2 style=\"text-align: center;\">Renovar Licencia<\/h2>\n\n\t\t<\/div> \n\t<\/div> <div class=\"g-hr type_invisible size_small no_icon\">\n\t\t\t\t\t\t<span class=\"g-hr-h\">\n\t\t\t\t\t\t\t<i class=\"fa fa-\"><\/i>\n\t\t\t\t\t\t<\/span>\n\t\t\t\t\t<\/div><\/div><\/div><\/div><\/div><script type='text\/javascript'>jQuery(document).ready(function(){ jQuery('#section_679059').horparallax(); });<\/script><div class=\"l-submain\"><div class=\"l-submain-h g-html i-cf\"><div class=\"g-cols offset_default\"><div class=\"full-width\">\n\t<div class=\"wpb_text_column \">\n\t\t<div class=\"wpb_wrapper\">\n\t\t\t\n<div class=\"row-half\">\n<h3 style=\"text-align: left;\">Para la renovaci\u00f3n de su licencia Fortinet, WatchGuard o Barracuda en Venezuela debe llenar el siguiente\u00a0formulario y pronto le daremos respuesta<\/h3>\n<\/div>\n<div class=\"row-half\">\n<p style=\"font-size: 16px;\">Es un placer para nosotros prestarle un servicio eficiente y con tiempo de respuesta \u00f3ptimo. Agradecemos completar el formulario y pronto un representante de ventas estar\u00e1 contact\u00e1ndolo para hacer efectivo su requerimiento de renovaci\u00f3n de licencia. Gracias por permitirnos formar parte de su seguridad.<\/p>\n<\/div>\n\n\t\t<\/div> \n\t<\/div> <\/div><\/div><div class=\"g-cols offset_default\"><div class=\"full-width\"><div class=\"g-hr type_invisible size_small no_icon\">\n\t\t\t\t\t\t<span class=\"g-hr-h\">\n\t\t\t\t\t\t\t<i class=\"fa fa-\"><\/i>\n\t\t\t\t\t\t<\/span>\n\t\t\t\t\t<\/div><\/div><\/div><div class=\"g-cols offset_default custom-license-form-container\"><div class=\"full-width\"><div role=\"form\" class=\"wpcf7\" id=\"wpcf7-f3491-o1\" lang=\"es-ES\" dir=\"ltr\">\n<div class=\"screen-reader-response\"><\/div>\n<form action=\"\/contel.com.ve\/index.php?rest_route=%2Fwp%2Fv2%2Fpages%2F3199#wpcf7-f3491-o1\" method=\"post\" class=\"wpcf7-form\" novalidate=\"novalidate\">\n<div style=\"display: none;\">\n<input type=\"hidden\" name=\"_wpcf7\" value=\"3491\" \/>\n<input type=\"hidden\" name=\"_wpcf7_version\" value=\"5.1.3\" \/>\n<input type=\"hidden\" name=\"_wpcf7_locale\" value=\"es_ES\" \/>\n<input type=\"hidden\" name=\"_wpcf7_unit_tag\" value=\"wpcf7-f3491-o1\" \/>\n<input type=\"hidden\" name=\"_wpcf7_container_post\" value=\"0\" \/>\n<\/div>\n<div class=\"row-half\">\n<div class=\"w-form-label\">\n\t\t<label for=\"your-company\">Compa\u00f1ia<\/label>\n\t<\/div>\n<div class=\"w-form-field\">\n\t    <span class=\"wpcf7-form-control-wrap your-company\"><input type=\"text\" name=\"your-company\" value=\"\" size=\"40\" class=\"wpcf7-form-control wpcf7-text wpcf7-validates-as-required\" id=\"your-company\" aria-required=\"true\" aria-invalid=\"false\" \/><\/span> <i class=\"fa fa-building\"><\/i>\n\t<\/div>\n<div class=\"w-form-label\">\n\t\t<label for=\"your-cargo\">Cargo<\/label>\n\t<\/div>\n<div class=\"w-form-field\">\n\t    <span class=\"wpcf7-form-control-wrap your-cargo\"><input type=\"text\" name=\"your-cargo\" value=\"\" size=\"40\" class=\"wpcf7-form-control wpcf7-text wpcf7-validates-as-required\" id=\"your-cargo\" aria-required=\"true\" aria-invalid=\"false\" \/><\/span> <i class=\"fa fa-group\"><\/i>\n\t<\/div>\n<div class=\"w-form-label\">\n\t\t<label for=\"your-email-alt\">Correo electr\u00f3nico (Alterno)<\/label>\n\t<\/div>\n<div class=\"w-form-field\">\n\t    <span class=\"wpcf7-form-control-wrap your-email-alt\"><input type=\"email\" name=\"your-email-alt\" value=\"\" size=\"40\" class=\"wpcf7-form-control wpcf7-text wpcf7-email wpcf7-validates-as-email\" id=\"your-email-alt\" aria-invalid=\"false\" \/><\/span> <i class=\"fa fa-envelope-o\"><\/i>\n\t<\/div>\n<div class=\"w-form-label\">\n\t\t<label for=\"your-phone\">Tel\u00e9fono m\u00f3vil<\/label>\n\t<\/div>\n<div class=\"w-form-field\">\n\t    <span class=\"wpcf7-form-control-wrap your-phone\"><input type=\"tel\" name=\"your-phone\" value=\"\" size=\"40\" class=\"wpcf7-form-control wpcf7-text wpcf7-tel wpcf7-validates-as-required wpcf7-validates-as-tel\" id=\"your-phone\" aria-required=\"true\" aria-invalid=\"false\" \/><\/span> <i class=\"fa fa-mobile\"><\/i>\n\t<\/div>\n<div class=\"w-form-label\">\n\t\t<label for=\"your-model\">Modelo<\/label>\n\t<\/div>\n<div class=\"w-form-field\">\n\t    <span class=\"wpcf7-form-control-wrap your-model\"><input type=\"text\" name=\"your-model\" value=\"\" size=\"40\" class=\"wpcf7-form-control wpcf7-text wpcf7-validates-as-required\" id=\"your-model\" aria-required=\"true\" aria-invalid=\"false\" \/><\/span> <i class=\"fa fa-truck\"><\/i>\n\t<\/div>\n<div class=\"w-form-label\">\n\t\t<label for=\"your-message\">Informaci\u00f3n adicional<\/label>\n\t<\/div>\n<div class=\"w-form-field\">\n\t    <span class=\"wpcf7-form-control-wrap your-message\"><textarea name=\"your-message\" cols=\"40\" rows=\"10\" class=\"wpcf7-form-control wpcf7-textarea\" id=\"your-message\" aria-invalid=\"false\"><\/textarea><\/span> <i class=\"fa fa-pencil\"><\/i>\n\t<\/div>\n<\/div>\n<div class=\"row-half\">\n<div class=\"w-form-label\">\n\t\t<label for=\"your-name\">Nombre y Apellido<\/label>\n\t<\/div>\n<div class=\"w-form-field\">\n\t    <span class=\"wpcf7-form-control-wrap your-name\"><input type=\"text\" name=\"your-name\" value=\"\" size=\"40\" class=\"wpcf7-form-control wpcf7-text wpcf7-validates-as-required\" id=\"your-name\" aria-required=\"true\" aria-invalid=\"false\" \/><\/span> <i class=\"fa fa-user\"><\/i>\n\t<\/div>\n<div class=\"w-form-label\">\n\t\t<label for=\"your-email-corp\">Correo electr\u00f3nico (Corporativo)<\/label>\n\t<\/div>\n<div class=\"w-form-field\">\n\t    <span class=\"wpcf7-form-control-wrap your-email-corp\"><input type=\"email\" name=\"your-email-corp\" value=\"\" size=\"40\" class=\"wpcf7-form-control wpcf7-text wpcf7-email wpcf7-validates-as-required wpcf7-validates-as-email\" id=\"your-email-corp\" aria-required=\"true\" aria-invalid=\"false\" \/><\/span> <i class=\"fa fa-envelope\"><\/i>\n\t<\/div>\n<div class=\"w-form-label\">\n\t\t<label for=\"your-phone-corp\">Tel\u00e9fono de oficina<\/label>\n\t<\/div>\n<div class=\"w-form-field\">\n\t    <span class=\"wpcf7-form-control-wrap your-phone-corp\"><input type=\"tel\" name=\"your-phone-corp\" value=\"\" size=\"40\" class=\"wpcf7-form-control wpcf7-text wpcf7-tel wpcf7-validates-as-required wpcf7-validates-as-tel\" id=\"your-phone-corp\" aria-required=\"true\" aria-invalid=\"false\" \/><\/span> <i class=\"fa fa-phone\"><\/i>\n\t<\/div>\n<div class=\"w-form-label\">\n\t\t<label for=\"your-branding\">Marca<\/label>\n\t<\/div>\n<div class=\"w-form-field\">\n\t    <span class=\"wpcf7-form-control-wrap your-branding\"><input type=\"text\" name=\"your-branding\" value=\"\" size=\"40\" class=\"wpcf7-form-control wpcf7-text wpcf7-validates-as-required\" id=\"your-branding\" aria-required=\"true\" aria-invalid=\"false\" \/><\/span> <i class=\"fa fa-tag\"><\/i>\n\t<\/div>\n<div class=\"w-form-label\">\n\t\t<label for=\"your-barcode\">Serial<\/label>\n\t<\/div>\n<div class=\"w-form-field\">\n\t    <span class=\"wpcf7-form-control-wrap your-barcode\"><input type=\"text\" name=\"your-barcode\" value=\"\" size=\"40\" class=\"wpcf7-form-control wpcf7-text wpcf7-validates-as-required\" id=\"your-barcode\" aria-required=\"true\" aria-invalid=\"false\" \/><\/span> <i class=\"fa fa-barcode\"><\/i>\n\t<\/div>\n<div class=\"w-form-label\">\n\t\t<label for=\"your-captcha\">Captcha<\/label>\n\t<\/div>\n<div class=\"w-form-field\">\n\t    <span class=\"wpcf7-form-control-wrap your-captcha\"><input type=\"text\" name=\"your-captcha\" value=\"\" size=\"40\" class=\"wpcf7-form-control wpcf7-captchar\" autocomplete=\"off\" aria-invalid=\"false\" \/><\/span> <i class=\"fa your-captcha\"><input type=\"hidden\" name=\"_wpcf7_captcha_challenge_your-captcha\" value=\"2097922428\" \/><img class=\"wpcf7-form-control wpcf7-captchac wpcf7-captcha-your-captcha\" id=\"your-captcha\" width=\"72\" height=\"24\" alt=\"captcha\" src=\"https:\/\/contel.com.ve\/wp-content\/uploads\/wpcf7_captcha\/2097922428.png\" \/><\/i>\n\t<\/div>\n<\/div>\n<p><br><\/p>\n<div class=\"row-complete\"><input type=\"submit\" value=\"Renovar Licencia\" class=\"wpcf7-form-control wpcf7-submit\" \/><\/div>\n<div class=\"wpcf7-response-output wpcf7-display-none\"><\/div><\/form><\/div><\/div><\/div>\n<\/div><\/div>","protected":false},"excerpt":{"rendered":"[section background=\"secondary\" img=\"3552\" parallax=\"horizontal\" parallax_speed=\"0.6\" parallax_bg_width=\"110\"] Renovar Licencia [\/section] Para la renovaci\u00f3n de su licencia Fortinet, WatchGuard o Barracuda en Venezuela debe llenar el siguiente\u00a0formulario y pronto le daremos respuesta Es un placer para nosotros prestarle un servicio eficiente y...","protected":false},"author":1,"featured_media":0,"parent":0,"menu_order":0,"comment_status":"open","ping_status":"open","template":"","meta":[],"yoast_head":"<!-- This site is optimized with the Yoast SEO plugin v18.9 - https:\/\/yoast.com\/wordpress\/plugins\/seo\/ -->\n<title>Renovar Licencia - Contel<\/title>\n<meta name=\"description\" content=\"Renovaci\u00f3n de licencias de sus marcas de seguridad reconocidas Fortinet, WatchGuard o Barracuda en Venezuela.\" \/>\n<meta name=\"robots\" content=\"index, follow, max-snippet:-1, max-image-preview:large, max-video-preview:-1\" \/>\n<link rel=\"canonical\" href=\"https:\/\/contel.com.ve\/?page_id=3199\" \/>\n<meta property=\"og:locale\" content=\"es_ES\" \/>\n<meta property=\"og:type\" content=\"article\" \/>\n<meta property=\"og:title\" content=\"Renovar Licencia - Contel\" \/>\n<meta property=\"og:description\" content=\"Renovaci\u00f3n de licencias de sus marcas de seguridad reconocidas Fortinet, WatchGuard o Barracuda en Venezuela.\" \/>\n<meta property=\"og:url\" content=\"https:\/\/contel.com.ve\/?page_id=3199\" \/>\n<meta property=\"og:site_name\" content=\"Contel\" \/>\n<meta property=\"article:modified_time\" content=\"2015-10-05T20:21:39+00:00\" \/>\n<meta name=\"twitter:card\" content=\"summary\" \/>\n<meta name=\"twitter:label1\" content=\"Tiempo de lectura\" \/>\n\t<meta name=\"twitter:data1\" content=\"1 minuto\" \/>\n<script type=\"application\/ld+json\" class=\"yoast-schema-graph\">{\"@context\":\"https:\/\/schema.org\",\"@graph\":[{\"@type\":\"WebSite\",\"@id\":\"https:\/\/contel.com.ve\/#website\",\"url\":\"https:\/\/contel.com.ve\/\",\"name\":\"Contel\",\"description\":\"\",\"potentialAction\":[{\"@type\":\"SearchAction\",\"target\":{\"@type\":\"EntryPoint\",\"urlTemplate\":\"https:\/\/contel.com.ve\/?s={search_term_string}\"},\"query-input\":\"required name=search_term_string\"}],\"inLanguage\":\"es\"},{\"@type\":\"WebPage\",\"@id\":\"https:\/\/contel.com.ve\/?page_id=3199#webpage\",\"url\":\"https:\/\/contel.com.ve\/?page_id=3199\",\"name\":\"Renovar Licencia - Contel\",\"isPartOf\":{\"@id\":\"https:\/\/contel.com.ve\/#website\"},\"datePublished\":\"2015-02-20T15:38:17+00:00\",\"dateModified\":\"2015-10-05T20:21:39+00:00\",\"description\":\"Renovaci\u00f3n de licencias de sus marcas de seguridad reconocidas Fortinet, WatchGuard o Barracuda en Venezuela.\",\"breadcrumb\":{\"@id\":\"https:\/\/contel.com.ve\/?page_id=3199#breadcrumb\"},\"inLanguage\":\"es\",\"potentialAction\":[{\"@type\":\"ReadAction\",\"target\":[\"https:\/\/contel.com.ve\/?page_id=3199\"]}]},{\"@type\":\"BreadcrumbList\",\"@id\":\"https:\/\/contel.com.ve\/?page_id=3199#breadcrumb\",\"itemListElement\":[{\"@type\":\"ListItem\",\"position\":1,\"name\":\"Portada\",\"item\":\"https:\/\/contel.com.ve\/\"},{\"@type\":\"ListItem\",\"position\":2,\"name\":\"Renovar Licencia\"}]}]}<\/script>\n<!-- \/ Yoast SEO plugin. -->","yoast_head_json":{"title":"Renovar Licencia - Contel","description":"Renovaci\u00f3n de licencias de sus marcas de seguridad reconocidas Fortinet, WatchGuard o Barracuda en Venezuela.","robots":{"index":"index","follow":"follow","max-snippet":"max-snippet:-1","max-image-preview":"max-image-preview:large","max-video-preview":"max-video-preview:-1"},"canonical":"https:\/\/contel.com.ve\/?page_id=3199","og_locale":"es_ES","og_type":"article","og_title":"Renovar Licencia - Contel","og_description":"Renovaci\u00f3n de licencias de sus marcas de seguridad reconocidas Fortinet, WatchGuard o Barracuda en Venezuela.","og_url":"https:\/\/contel.com.ve\/?page_id=3199","og_site_name":"Contel","article_modified_time":"2015-10-05T20:21:39+00:00","twitter_card":"summary","twitter_misc":{"Tiempo de lectura":"1 minuto"},"schema":{"@context":"https:\/\/schema.org","@graph":[{"@type":"WebSite","@id":"https:\/\/contel.com.ve\/#website","url":"https:\/\/contel.com.ve\/","name":"Contel","description":"","potentialAction":[{"@type":"SearchAction","target":{"@type":"EntryPoint","urlTemplate":"https:\/\/contel.com.ve\/?s={search_term_string}"},"query-input":"required name=search_term_string"}],"inLanguage":"es"},{"@type":"WebPage","@id":"https:\/\/contel.com.ve\/?page_id=3199#webpage","url":"https:\/\/contel.com.ve\/?page_id=3199","name":"Renovar Licencia - Contel","isPartOf":{"@id":"https:\/\/contel.com.ve\/#website"},"datePublished":"2015-02-20T15:38:17+00:00","dateModified":"2015-10-05T20:21:39+00:00","description":"Renovaci\u00f3n de licencias de sus marcas de seguridad reconocidas Fortinet, WatchGuard o Barracuda en Venezuela.","breadcrumb":{"@id":"https:\/\/contel.com.ve\/?page_id=3199#breadcrumb"},"inLanguage":"es","potentialAction":[{"@type":"ReadAction","target":["https:\/\/contel.com.ve\/?page_id=3199"]}]},{"@type":"BreadcrumbList","@id":"https:\/\/contel.com.ve\/?page_id=3199#breadcrumb","itemListElement":[{"@type":"ListItem","position":1,"name":"Portada","item":"https:\/\/contel.com.ve\/"},{"@type":"ListItem","position":2,"name":"Renovar Licencia"}]}]}},"_links":{"self":[{"href":"https:\/\/\/contel.com.ve\/index.php?rest_route=\/wp\/v2\/pages\/3199"}],"collection":[{"href":"https:\/\/\/contel.com.ve\/index.php?rest_route=\/wp\/v2\/pages"}],"about":[{"href":"https:\/\/\/contel.com.ve\/index.php?rest_route=\/wp\/v2\/types\/page"}],"author":[{"embeddable":true,"href":"https:\/\/\/contel.com.ve\/index.php?rest_route=\/wp\/v2\/users\/1"}],"replies":[{"embeddable":true,"href":"https:\/\/\/\/contel.com.ve\/index.php?rest_route=%2Fwp%2Fv2%2Fcomments&post=3199"}],"version-history":[{"count":33,"href":"https:\/\/\/contel.com.ve\/index.php?rest_route=\/wp\/v2\/pages\/3199\/revisions"}],"predecessor-version":[{"id":3755,"href":"https:\/\/\/contel.com.ve\/index.php?rest_route=\/wp\/v2\/pages\/3199\/revisions\/3755"}],"wp:attachment":[{"href":"https:\/\/\/\/contel.com.ve\/index.php?rest_route=%2Fwp%2Fv2%2Fmedia&parent=3199"}],"curies":[{"name":"wp","href":"https:\/\/api.w.org\/{rel}","templated":true}]}}